{"id":3896,"date":"2016-06-25T13:37:08","date_gmt":"2016-06-25T11:37:08","guid":{"rendered":"https:\/\/sklep.kubix.pl\/produkt\/bicycle-rack-westfalia-bc60\/"},"modified":"2016-06-25T13:37:08","modified_gmt":"2016-06-25T11:37:08","slug":"bicycle-rack-westfalia-bc60","status":"publish","type":"product","link":"https:\/\/sklep.kubix.pl\/en\/produkt\/bicycle-rack-westfalia-bc60\/","title":{"rendered":"Bicycle Rack WESTFALIA bc60"},"content":{"rendered":"<p>Bicycle Rack Westfalia<\/p>\n<p>Bicycle rack for 2 bicycles, fixed on a hitch ball.<\/p>\n<p>Enables easy access to the trunk of your car without demontaging the rack.<br \/>\nForget about inconvenient drive with bicycles on top of your car. Now, you can carry your bicycles wherever you want.<\/p>\n<p>!CAUTION!\u00a0tiltable grip<\/p>\n<div>\n<p>While montaging the rack\u00a0BC 60 do not bother asking for help. It is so easy, you hold it with one hand whilst the other one places the lock onto the hitch ball.\u00a0Thanks to its simplicity, our clients do not have to worry about scraping auto body.<\/p>\n<p>BC 60 meets the european rules.<\/p>\n<\/div>\n<div>\n<p>-Rack for 1, 2 or 3\u00a0bikes (3 bikes option is only possible after buying extra part, please contact us)<\/p>\n<p>-Foldable<\/p>\n<p>-Easy access to the trunk of a car<\/p>\n<p>-Handles made of thick rubber so that they do not damage bikes<\/p>\n<p>-Rowery oraz baga\u017cnik zabezpieczone zamkiem przed kradzie\u017c\u0105 (system jednego klucza)<\/p>\n<p>-Ready for use right after opening<\/p>\n<p>-placed onto the hitch ball<\/p>\n<p>-European homologation<\/p>\n<p>-Additional accessories icluding 3rd rail<\/p>\n<\/div>\n<p><span lang=\"en-us\" xml:lang=\"en-us\">Information:<\/span><\/p>\n<p><span lang=\"en-us\" xml:lang=\"en-us\">Added specification on this website are came from producers and distributors pages, despite the effort while we put them they could include some mistakes. Descriptions and photos are not basis for claims from our company. If you will found some mistakes in our description, please let us know on e-mail address\u00a0<a href=\"mailto:team@kubix.pl\">team@kubix.pl<\/a><\/span><\/p>\n","protected":false},"excerpt":{"rendered":"<h1 class=\"hdline\">Bicycle Rack WESTFALIA bc60<\/h1>\n","protected":false},"featured_media":3897,"template":"","meta":[],"product_brand":[],"product_cat":[1212,1213],"product_tag":[],"class_list":{"0":"post-3896","1":"product","2":"type-product","3":"status-publish","4":"has-post-thumbnail","6":"product_cat-accessories-for-trailers","7":"product_cat-bicycle-carrier","9":"first","10":"outofstock","11":"taxable","12":"shipping-taxable","13":"purchasable","14":"product-type-simple"},"yoast_head":"<!-- This site is optimized with the Yoast SEO plugin v26.7 - https:\/\/yoast.com\/wordpress\/plugins\/seo\/ -->\n<title>Bicycle Rack WESTFALIA bc60 - Kubix<\/title>\n<meta name=\"robots\" content=\"index, follow, max-snippet:-1, max-image-preview:large, max-video-preview:-1\" \/>\n<link rel=\"canonical\" href=\"https:\/\/sklep.kubix.pl\/en\/produkt\/bicycle-rack-westfalia-bc60\/\" \/>\n<meta property=\"og:locale\" content=\"en_US\" \/>\n<meta property=\"og:type\" content=\"article\" \/>\n<meta property=\"og:title\" content=\"Bicycle Rack WESTFALIA bc60 - Kubix\" \/>\n<meta property=\"og:description\" content=\"Bicycle Rack WESTFALIA bc60\" \/>\n<meta property=\"og:url\" content=\"https:\/\/sklep.kubix.pl\/en\/produkt\/bicycle-rack-westfalia-bc60\/\" \/>\n<meta property=\"og:site_name\" content=\"Kubix\" \/>\n<meta property=\"og:image\" content=\"https:\/\/sklep.kubix.pl\/wp-content\/uploads\/2016\/06\/3282-Bagaznik-2-rowery-platforma-na-hak-WESTFALIA-bc60-kubix.jpg\" \/>\n\t<meta property=\"og:image:width\" content=\"1305\" \/>\n\t<meta property=\"og:image:height\" content=\"894\" \/>\n\t<meta property=\"og:image:type\" content=\"image\/jpeg\" \/>\n<meta name=\"twitter:card\" content=\"summary_large_image\" \/>\n<meta name=\"twitter:label1\" content=\"Est. reading time\" \/>\n\t<meta name=\"twitter:data1\" content=\"1 minute\" \/>\n<script type=\"application\/ld+json\" class=\"yoast-schema-graph\">{\"@context\":\"https:\/\/schema.org\",\"@graph\":[{\"@type\":\"WebPage\",\"@id\":\"https:\/\/sklep.kubix.pl\/en\/produkt\/bicycle-rack-westfalia-bc60\/\",\"url\":\"https:\/\/sklep.kubix.pl\/en\/produkt\/bicycle-rack-westfalia-bc60\/\",\"name\":\"Bicycle Rack WESTFALIA bc60 - Kubix\",\"isPartOf\":{\"@id\":\"https:\/\/sklep.kubix.pl\/#website\"},\"primaryImageOfPage\":{\"@id\":\"https:\/\/sklep.kubix.pl\/en\/produkt\/bicycle-rack-westfalia-bc60\/#primaryimage\"},\"image\":{\"@id\":\"https:\/\/sklep.kubix.pl\/en\/produkt\/bicycle-rack-westfalia-bc60\/#primaryimage\"},\"thumbnailUrl\":\"https:\/\/sklep.kubix.pl\/wp-content\/uploads\/2016\/06\/3282-Bagaznik-2-rowery-platforma-na-hak-WESTFALIA-bc60-kubix.jpg\",\"datePublished\":\"2016-06-25T11:37:08+00:00\",\"breadcrumb\":{\"@id\":\"https:\/\/sklep.kubix.pl\/en\/produkt\/bicycle-rack-westfalia-bc60\/#breadcrumb\"},\"inLanguage\":\"en-US\",\"potentialAction\":[{\"@type\":\"ReadAction\",\"target\":[\"https:\/\/sklep.kubix.pl\/en\/produkt\/bicycle-rack-westfalia-bc60\/\"]}]},{\"@type\":\"ImageObject\",\"inLanguage\":\"en-US\",\"@id\":\"https:\/\/sklep.kubix.pl\/en\/produkt\/bicycle-rack-westfalia-bc60\/#primaryimage\",\"url\":\"https:\/\/sklep.kubix.pl\/wp-content\/uploads\/2016\/06\/3282-Bagaznik-2-rowery-platforma-na-hak-WESTFALIA-bc60-kubix.jpg\",\"contentUrl\":\"https:\/\/sklep.kubix.pl\/wp-content\/uploads\/2016\/06\/3282-Bagaznik-2-rowery-platforma-na-hak-WESTFALIA-bc60-kubix.jpg\",\"width\":1305,\"height\":894,\"caption\":\"Bicycle Rack WESTFALIA bc60\"},{\"@type\":\"BreadcrumbList\",\"@id\":\"https:\/\/sklep.kubix.pl\/en\/produkt\/bicycle-rack-westfalia-bc60\/#breadcrumb\",\"itemListElement\":[{\"@type\":\"ListItem\",\"position\":1,\"name\":\"Strona g\u0142\u00f3wna\",\"item\":\"https:\/\/sklep.kubix.pl\/en\/\"},{\"@type\":\"ListItem\",\"position\":2,\"name\":\"Shop\",\"item\":\"https:\/\/sklep.kubix.pl\/en\/shop\/\"},{\"@type\":\"ListItem\",\"position\":3,\"name\":\"Bicycle Rack WESTFALIA bc60\"}]},{\"@type\":\"WebSite\",\"@id\":\"https:\/\/sklep.kubix.pl\/#website\",\"url\":\"https:\/\/sklep.kubix.pl\/\",\"name\":\"Kubix\",\"description\":\"cz\u0119\u015bci do przyczep\",\"publisher\":{\"@id\":\"https:\/\/sklep.kubix.pl\/#organization\"},\"potentialAction\":[{\"@type\":\"SearchAction\",\"target\":{\"@type\":\"EntryPoint\",\"urlTemplate\":\"https:\/\/sklep.kubix.pl\/?s={search_term_string}\"},\"query-input\":{\"@type\":\"PropertyValueSpecification\",\"valueRequired\":true,\"valueName\":\"search_term_string\"}}],\"inLanguage\":\"en-US\"},{\"@type\":\"Organization\",\"@id\":\"https:\/\/sklep.kubix.pl\/#organization\",\"name\":\"Kubix\",\"url\":\"https:\/\/sklep.kubix.pl\/\",\"logo\":{\"@type\":\"ImageObject\",\"inLanguage\":\"en-US\",\"@id\":\"https:\/\/sklep.kubix.pl\/#\/schema\/logo\/image\/\",\"url\":\"https:\/\/sklep.kubix.pl\/wp-content\/uploads\/2018\/11\/logo-1.png\",\"contentUrl\":\"https:\/\/sklep.kubix.pl\/wp-content\/uploads\/2018\/11\/logo-1.png\",\"width\":200,\"height\":44,\"caption\":\"Kubix\"},\"image\":{\"@id\":\"https:\/\/sklep.kubix.pl\/#\/schema\/logo\/image\/\"}}]}<\/script>\n<!-- \/ Yoast SEO plugin. -->","yoast_head_json":{"title":"Bicycle Rack WESTFALIA bc60 - Kubix","robots":{"index":"index","follow":"follow","max-snippet":"max-snippet:-1","max-image-preview":"max-image-preview:large","max-video-preview":"max-video-preview:-1"},"canonical":"https:\/\/sklep.kubix.pl\/en\/produkt\/bicycle-rack-westfalia-bc60\/","og_locale":"en_US","og_type":"article","og_title":"Bicycle Rack WESTFALIA bc60 - Kubix","og_description":"Bicycle Rack WESTFALIA bc60","og_url":"https:\/\/sklep.kubix.pl\/en\/produkt\/bicycle-rack-westfalia-bc60\/","og_site_name":"Kubix","og_image":[{"width":1305,"height":894,"url":"https:\/\/sklep.kubix.pl\/wp-content\/uploads\/2016\/06\/3282-Bagaznik-2-rowery-platforma-na-hak-WESTFALIA-bc60-kubix.jpg","type":"image\/jpeg"}],"twitter_card":"summary_large_image","twitter_misc":{"Est. reading time":"1 minute"},"schema":{"@context":"https:\/\/schema.org","@graph":[{"@type":"WebPage","@id":"https:\/\/sklep.kubix.pl\/en\/produkt\/bicycle-rack-westfalia-bc60\/","url":"https:\/\/sklep.kubix.pl\/en\/produkt\/bicycle-rack-westfalia-bc60\/","name":"Bicycle Rack WESTFALIA bc60 - Kubix","isPartOf":{"@id":"https:\/\/sklep.kubix.pl\/#website"},"primaryImageOfPage":{"@id":"https:\/\/sklep.kubix.pl\/en\/produkt\/bicycle-rack-westfalia-bc60\/#primaryimage"},"image":{"@id":"https:\/\/sklep.kubix.pl\/en\/produkt\/bicycle-rack-westfalia-bc60\/#primaryimage"},"thumbnailUrl":"https:\/\/sklep.kubix.pl\/wp-content\/uploads\/2016\/06\/3282-Bagaznik-2-rowery-platforma-na-hak-WESTFALIA-bc60-kubix.jpg","datePublished":"2016-06-25T11:37:08+00:00","breadcrumb":{"@id":"https:\/\/sklep.kubix.pl\/en\/produkt\/bicycle-rack-westfalia-bc60\/#breadcrumb"},"inLanguage":"en-US","potentialAction":[{"@type":"ReadAction","target":["https:\/\/sklep.kubix.pl\/en\/produkt\/bicycle-rack-westfalia-bc60\/"]}]},{"@type":"ImageObject","inLanguage":"en-US","@id":"https:\/\/sklep.kubix.pl\/en\/produkt\/bicycle-rack-westfalia-bc60\/#primaryimage","url":"https:\/\/sklep.kubix.pl\/wp-content\/uploads\/2016\/06\/3282-Bagaznik-2-rowery-platforma-na-hak-WESTFALIA-bc60-kubix.jpg","contentUrl":"https:\/\/sklep.kubix.pl\/wp-content\/uploads\/2016\/06\/3282-Bagaznik-2-rowery-platforma-na-hak-WESTFALIA-bc60-kubix.jpg","width":1305,"height":894,"caption":"Bicycle Rack WESTFALIA bc60"},{"@type":"BreadcrumbList","@id":"https:\/\/sklep.kubix.pl\/en\/produkt\/bicycle-rack-westfalia-bc60\/#breadcrumb","itemListElement":[{"@type":"ListItem","position":1,"name":"Strona g\u0142\u00f3wna","item":"https:\/\/sklep.kubix.pl\/en\/"},{"@type":"ListItem","position":2,"name":"Shop","item":"https:\/\/sklep.kubix.pl\/en\/shop\/"},{"@type":"ListItem","position":3,"name":"Bicycle Rack WESTFALIA bc60"}]},{"@type":"WebSite","@id":"https:\/\/sklep.kubix.pl\/#website","url":"https:\/\/sklep.kubix.pl\/","name":"Kubix","description":"cz\u0119\u015bci do przyczep","publisher":{"@id":"https:\/\/sklep.kubix.pl\/#organization"},"potentialAction":[{"@type":"SearchAction","target":{"@type":"EntryPoint","urlTemplate":"https:\/\/sklep.kubix.pl\/?s={search_term_string}"},"query-input":{"@type":"PropertyValueSpecification","valueRequired":true,"valueName":"search_term_string"}}],"inLanguage":"en-US"},{"@type":"Organization","@id":"https:\/\/sklep.kubix.pl\/#organization","name":"Kubix","url":"https:\/\/sklep.kubix.pl\/","logo":{"@type":"ImageObject","inLanguage":"en-US","@id":"https:\/\/sklep.kubix.pl\/#\/schema\/logo\/image\/","url":"https:\/\/sklep.kubix.pl\/wp-content\/uploads\/2018\/11\/logo-1.png","contentUrl":"https:\/\/sklep.kubix.pl\/wp-content\/uploads\/2018\/11\/logo-1.png","width":200,"height":44,"caption":"Kubix"},"image":{"@id":"https:\/\/sklep.kubix.pl\/#\/schema\/logo\/image\/"}}]}},"_links":{"self":[{"href":"https:\/\/sklep.kubix.pl\/en\/wp-json\/wp\/v2\/product\/3896","targetHints":{"allow":["GET"]}}],"collection":[{"href":"https:\/\/sklep.kubix.pl\/en\/wp-json\/wp\/v2\/product"}],"about":[{"href":"https:\/\/sklep.kubix.pl\/en\/wp-json\/wp\/v2\/types\/product"}],"wp:featuredmedia":[{"embeddable":true,"href":"https:\/\/sklep.kubix.pl\/en\/wp-json\/wp\/v2\/media\/3897"}],"wp:attachment":[{"href":"https:\/\/sklep.kubix.pl\/en\/wp-json\/wp\/v2\/media?parent=3896"}],"wp:term":[{"taxonomy":"product_brand","embeddable":true,"href":"https:\/\/sklep.kubix.pl\/en\/wp-json\/wp\/v2\/product_brand?post=3896"},{"taxonomy":"product_cat","embeddable":true,"href":"https:\/\/sklep.kubix.pl\/en\/wp-json\/wp\/v2\/product_cat?post=3896"},{"taxonomy":"product_tag","embeddable":true,"href":"https:\/\/sklep.kubix.pl\/en\/wp-json\/wp\/v2\/product_tag?post=3896"}],"curies":[{"name":"wp","href":"https:\/\/api.w.org\/{rel}","templated":true}]}}